{"id":1411,"date":"2023-05-13T00:52:21","date_gmt":"2023-05-13T04:52:21","guid":{"rendered":"https:\/\/yudycid.com\/producto\/album\/"},"modified":"2024-10-13T15:35:40","modified_gmt":"2024-10-13T19:35:40","slug":"coach-now-certification","status":"publish","type":"product","link":"https:\/\/yudycid.com\/es\/producto\/coach-now-certification\/","title":{"rendered":"Coach Now Certification"},"content":{"rendered":"<p><span style=\"color: #ff6600;\"><strong>INGL\u00c9S<\/strong> (Leer espa\u00f1ol abajo)<\/span><\/p>\n<p>Learn to transform your life and that of others by becoming a transformation coach.<\/p>\n<h2 class=\"section__heading section__heading___f0433\">The Power of Transformation Coaching<\/h2>\n<p class=\"section__subheading section__subheading___f0433\">The transformative journey to become a successful transformation coach.<\/p>\n<h3 class=\"section__heading\">Discover your path to success and fulfillment<\/h3>\n<h4 class=\"section__heading--secondary\">Transform Your Life and Relationships<\/h4>\n<p>Learn how to create meaningful relationships and achieve personal growth that will positively impact your life.<\/p>\n<h4 class=\"section__heading--secondary\">Build a Successful Coaching Business<\/h4>\n<p>Gain the knowledge and tools you need to launch a successful coaching business and create a fulfilling career helping others.<\/p>\n<h4 class=\"section__heading--secondary\">Develop Your Unique Coaching Style<\/h4>\n<p>Discover your unique coaching style and develop the skills to help others transform their lives in a way that is authentic to you.<\/p>\n<header class=\"section__headings section__headings___c7706\">\n<h3 class=\"section__heading\">Overcome your biggest challenges with our coaching program<\/h3>\n<\/header>\n<article class=\"section__content section__content___c7706\">\n<ul class=\"checklist__list section__body\">\n<li class=\"checklist__list-item\">Do you feel stuck in your current career and are looking for a way to make a significant change in your life?<\/li>\n<li class=\"checklist__list-item\">Do you want to have a positive impact on the world and the lives of the people around you, but don&#8217;t know how to do it?<\/li>\n<li class=\"checklist__list-item\">Are you looking for a way to generate additional income and create a more secure financial future for you and your family<\/li>\n<li class=\"checklist__list-item\">Do you feel like you lack purpose and direction in life and want to find a path that fills you with satisfaction and happiness?<\/li>\n<li class=\"checklist__list-item\">Have you been dreaming of becoming a transformation coach, but don&#8217;t know where to start and feel overwhelmed by the amount of information available online?<\/li>\n<\/ul>\n<\/article>\n<p>&nbsp;<\/p>\n<p>&nbsp;<\/p>\n<p><span style=\"color: #ff6600;\"><strong>ESPA\u00d1OL<\/strong> (Leer ingl\u00e9s arriba)<\/span><\/p>\n<p>&nbsp;<\/p>\n<p>\u00a1Descubre el poder de transformar vidas como coach de transformaci\u00f3n! En nuestro exclusivo curso Coach Now Certification, te brindamos las herramientas y conocimientos necesarios para convertirte en un coach exitoso y marcar una diferencia significativa en la vida de las personas.<\/p>\n<p>A trav\u00e9s de nuestro programa, aprender\u00e1s las habilidades clave para construir relaciones significativas, guiar a otros hacia su m\u00e1ximo potencial y crear un impacto positivo en el mundo. Obtendr\u00e1s una formaci\u00f3n completa y pr\u00e1ctica, respaldada por la experiencia de la reconocida terapeuta cl\u00ednica Yudy Cid.<\/p>\n<p>Desde la etapa de Atenci\u00f3n hasta la Acci\u00f3n, te guiaremos en cada paso del camino. Descubrir\u00e1s tu estilo \u00fanico de coaching y desarrollar\u00e1s las habilidades esenciales para ayudar a otros a superar desaf\u00edos emocionales, establecer metas claras y alcanzar resultados transformadores.<\/p>\n<p>Convi\u00e9rtete en un recurso de confianza en tu comunidad y crea una carrera gratificante como coach de transformaci\u00f3n. Obt\u00e9n acceso a recursos exclusivos, mentor\u00eda personalizada y la oportunidad de formar parte de una comunidad de profesionales apasionados por el crecimiento personal y el cambio positivo.<\/p>\n<p>Tambi\u00e9n, obtendr\u00e1s acceso gratuito a nuevos talleres lanzados por Yudy Cid en Coach Now Academy, como cortes\u00eda a tu fidelidad.<\/p>\n<p>No importa si eres nuevo en el mundo del coaching o si buscas llevar tus habilidades al siguiente nivel, nuestro curso Coach Now Certification te brinda la plataforma perfecta para expandir tus conocimientos, crecer como individuo y hacer una diferencia duradera en la vida de los dem\u00e1s.<\/p>\n<p>\u00a1Inscr\u00edbete ahora y descubre el poder de transformar vidas como coach de transformaci\u00f3n!<\/p>","protected":false},"excerpt":{"rendered":"<p>This is a simple, virtual product.<\/p>","protected":false},"featured_media":1015,"comment_status":"open","ping_status":"closed","template":"","meta":[],"product_brand":[],"product_cat":[27],"product_tag":[29,28],"class_list":{"0":"post-1411","1":"product","2":"type-product","3":"status-publish","4":"has-post-thumbnail","6":"product_cat-life-coach","7":"product_tag-coach-de-vida","8":"product_tag-life-coach-bilingue","10":"first","11":"instock","12":"virtual","13":"purchasable","14":"product-type-simple"},"yoast_head":"<!-- This site is optimized with the Yoast SEO Premium plugin v25.1 (Yoast SEO v27.4) - https:\/\/yoast.com\/product\/yoast-seo-premium-wordpress\/ -->\n<title>Coach Now Certification - Yudy Cid<\/title>\n<meta name=\"robots\" content=\"index, follow, max-snippet:-1, max-image-preview:large, max-video-preview:-1\" \/>\n<link rel=\"canonical\" href=\"https:\/\/yudycid.com\/es\/producto\/coach-now-certification\/\" \/>\n<meta property=\"og:locale\" content=\"es_ES\" \/>\n<meta property=\"og:type\" content=\"article\" \/>\n<meta property=\"og:title\" content=\"Coach Now Certification\" \/>\n<meta property=\"og:description\" content=\"This is a simple, virtual product.\" \/>\n<meta property=\"og:url\" content=\"https:\/\/yudycid.com\/es\/producto\/coach-now-certification\/\" \/>\n<meta property=\"og:site_name\" content=\"Yudy Cid\" \/>\n<meta property=\"article:publisher\" content=\"https:\/\/www.facebook.com\/VidaenAlto\/\" \/>\n<meta property=\"article:modified_time\" content=\"2024-10-13T19:35:40+00:00\" \/>\n<meta property=\"og:image\" content=\"https:\/\/yudycid.com\/wp-content\/uploads\/2023\/01\/Background-Coach-Now-Academy-by-Yudy-Cid.webp\" \/>\n\t<meta property=\"og:image:width\" content=\"1920\" \/>\n\t<meta property=\"og:image:height\" content=\"703\" \/>\n\t<meta property=\"og:image:type\" content=\"image\/webp\" \/>\n<meta name=\"twitter:card\" content=\"summary_large_image\" \/>\n<script type=\"application\/ld+json\" class=\"yoast-schema-graph\">{\"@context\":\"https:\\\/\\\/schema.org\",\"@graph\":[{\"@type\":\"WebPage\",\"@id\":\"https:\\\/\\\/yudycid.com\\\/producto\\\/coach-now-certification\\\/\",\"url\":\"https:\\\/\\\/yudycid.com\\\/producto\\\/coach-now-certification\\\/\",\"name\":\"Coach Now Certification - Yudy Cid\",\"isPartOf\":{\"@id\":\"https:\\\/\\\/yudycid.com\\\/#website\"},\"primaryImageOfPage\":{\"@id\":\"https:\\\/\\\/yudycid.com\\\/producto\\\/coach-now-certification\\\/#primaryimage\"},\"image\":{\"@id\":\"https:\\\/\\\/yudycid.com\\\/producto\\\/coach-now-certification\\\/#primaryimage\"},\"thumbnailUrl\":\"https:\\\/\\\/yudycid.com\\\/wp-content\\\/uploads\\\/2023\\\/01\\\/Background-Coach-Now-Academy-by-Yudy-Cid.webp\",\"datePublished\":\"2023-05-13T04:52:21+00:00\",\"dateModified\":\"2024-10-13T19:35:40+00:00\",\"breadcrumb\":{\"@id\":\"https:\\\/\\\/yudycid.com\\\/producto\\\/coach-now-certification\\\/#breadcrumb\"},\"inLanguage\":\"es\",\"potentialAction\":[{\"@type\":\"ReadAction\",\"target\":[\"https:\\\/\\\/yudycid.com\\\/producto\\\/coach-now-certification\\\/\"]}]},{\"@type\":\"ImageObject\",\"inLanguage\":\"es\",\"@id\":\"https:\\\/\\\/yudycid.com\\\/producto\\\/coach-now-certification\\\/#primaryimage\",\"url\":\"https:\\\/\\\/yudycid.com\\\/wp-content\\\/uploads\\\/2023\\\/01\\\/Background-Coach-Now-Academy-by-Yudy-Cid.webp\",\"contentUrl\":\"https:\\\/\\\/yudycid.com\\\/wp-content\\\/uploads\\\/2023\\\/01\\\/Background-Coach-Now-Academy-by-Yudy-Cid.webp\",\"width\":1920,\"height\":703,\"caption\":\"Background Life Coach Certification Academy-by Yudy Cid\"},{\"@type\":\"BreadcrumbList\",\"@id\":\"https:\\\/\\\/yudycid.com\\\/producto\\\/coach-now-certification\\\/#breadcrumb\",\"itemListElement\":[{\"@type\":\"ListItem\",\"position\":1,\"name\":\"Portada\",\"item\":\"https:\\\/\\\/yudycid.com\\\/\"},{\"@type\":\"ListItem\",\"position\":2,\"name\":\"Tienda\",\"item\":\"https:\\\/\\\/yudycid.com\\\/tienda\\\/\"},{\"@type\":\"ListItem\",\"position\":3,\"name\":\"Coach Now Certification\"}]},{\"@type\":\"WebSite\",\"@id\":\"https:\\\/\\\/yudycid.com\\\/#website\",\"url\":\"https:\\\/\\\/yudycid.com\\\/\",\"name\":\"Yudy Cid\",\"description\":\"Psychological Evaluations for  Immigration\",\"publisher\":{\"@id\":\"https:\\\/\\\/yudycid.com\\\/#\\\/schema\\\/person\\\/1210f2eb39b9de3fa825f216c31c54b3\"},\"potentialAction\":[{\"@type\":\"SearchAction\",\"target\":{\"@type\":\"EntryPoint\",\"urlTemplate\":\"https:\\\/\\\/yudycid.com\\\/?s={search_term_string}\"},\"query-input\":{\"@type\":\"PropertyValueSpecification\",\"valueRequired\":true,\"valueName\":\"search_term_string\"}}],\"inLanguage\":\"es\"},{\"@type\":[\"Person\",\"Organization\"],\"@id\":\"https:\\\/\\\/yudycid.com\\\/#\\\/schema\\\/person\\\/1210f2eb39b9de3fa825f216c31c54b3\",\"name\":\"yudycid\",\"image\":{\"@type\":\"ImageObject\",\"inLanguage\":\"es\",\"@id\":\"https:\\\/\\\/yudycid.com\\\/wp-content\\\/uploads\\\/2022\\\/08\\\/cropped-Sin-titulo-1-01.png\",\"url\":\"https:\\\/\\\/yudycid.com\\\/wp-content\\\/uploads\\\/2022\\\/08\\\/cropped-Sin-titulo-1-01.png\",\"contentUrl\":\"https:\\\/\\\/yudycid.com\\\/wp-content\\\/uploads\\\/2022\\\/08\\\/cropped-Sin-titulo-1-01.png\",\"width\":533,\"height\":437,\"caption\":\"yudycid\"},\"logo\":{\"@id\":\"https:\\\/\\\/yudycid.com\\\/wp-content\\\/uploads\\\/2022\\\/08\\\/cropped-Sin-titulo-1-01.png\"},\"sameAs\":[\"https:\\\/\\\/yudycid.com\",\"https:\\\/\\\/www.facebook.com\\\/VidaenAlto\\\/\",\"https:\\\/\\\/www.instagram.com\\\/yudycid\\\/\",\"https:\\\/\\\/www.linkedin.com\\\/in\\\/yudy-cid-a0a7232b\",\"https:\\\/\\\/www.youtube.com\\\/channel\\\/UCjKz4Onp9Oue_TBNQ7G2WoA\"]}]}<\/script>\n<!-- \/ Yoast SEO Premium plugin. -->","yoast_head_json":{"title":"Coach Now Certification - Yudy Cid","robots":{"index":"index","follow":"follow","max-snippet":"max-snippet:-1","max-image-preview":"max-image-preview:large","max-video-preview":"max-video-preview:-1"},"canonical":"https:\/\/yudycid.com\/es\/producto\/coach-now-certification\/","og_locale":"es_ES","og_type":"article","og_title":"Coach Now Certification","og_description":"This is a simple, virtual product.","og_url":"https:\/\/yudycid.com\/es\/producto\/coach-now-certification\/","og_site_name":"Yudy Cid","article_publisher":"https:\/\/www.facebook.com\/VidaenAlto\/","article_modified_time":"2024-10-13T19:35:40+00:00","og_image":[{"width":1920,"height":703,"url":"https:\/\/yudycid.com\/wp-content\/uploads\/2023\/01\/Background-Coach-Now-Academy-by-Yudy-Cid.webp","type":"image\/webp"}],"twitter_card":"summary_large_image","schema":{"@context":"https:\/\/schema.org","@graph":[{"@type":"WebPage","@id":"https:\/\/yudycid.com\/producto\/coach-now-certification\/","url":"https:\/\/yudycid.com\/producto\/coach-now-certification\/","name":"Coach Now Certification - Yudy Cid","isPartOf":{"@id":"https:\/\/yudycid.com\/#website"},"primaryImageOfPage":{"@id":"https:\/\/yudycid.com\/producto\/coach-now-certification\/#primaryimage"},"image":{"@id":"https:\/\/yudycid.com\/producto\/coach-now-certification\/#primaryimage"},"thumbnailUrl":"https:\/\/yudycid.com\/wp-content\/uploads\/2023\/01\/Background-Coach-Now-Academy-by-Yudy-Cid.webp","datePublished":"2023-05-13T04:52:21+00:00","dateModified":"2024-10-13T19:35:40+00:00","breadcrumb":{"@id":"https:\/\/yudycid.com\/producto\/coach-now-certification\/#breadcrumb"},"inLanguage":"es","potentialAction":[{"@type":"ReadAction","target":["https:\/\/yudycid.com\/producto\/coach-now-certification\/"]}]},{"@type":"ImageObject","inLanguage":"es","@id":"https:\/\/yudycid.com\/producto\/coach-now-certification\/#primaryimage","url":"https:\/\/yudycid.com\/wp-content\/uploads\/2023\/01\/Background-Coach-Now-Academy-by-Yudy-Cid.webp","contentUrl":"https:\/\/yudycid.com\/wp-content\/uploads\/2023\/01\/Background-Coach-Now-Academy-by-Yudy-Cid.webp","width":1920,"height":703,"caption":"Background Life Coach Certification Academy-by Yudy Cid"},{"@type":"BreadcrumbList","@id":"https:\/\/yudycid.com\/producto\/coach-now-certification\/#breadcrumb","itemListElement":[{"@type":"ListItem","position":1,"name":"Portada","item":"https:\/\/yudycid.com\/"},{"@type":"ListItem","position":2,"name":"Tienda","item":"https:\/\/yudycid.com\/tienda\/"},{"@type":"ListItem","position":3,"name":"Coach Now Certification"}]},{"@type":"WebSite","@id":"https:\/\/yudycid.com\/#website","url":"https:\/\/yudycid.com\/","name":"Yudy Cid","description":"Psychological Evaluations for  Immigration","publisher":{"@id":"https:\/\/yudycid.com\/#\/schema\/person\/1210f2eb39b9de3fa825f216c31c54b3"},"potentialAction":[{"@type":"SearchAction","target":{"@type":"EntryPoint","urlTemplate":"https:\/\/yudycid.com\/?s={search_term_string}"},"query-input":{"@type":"PropertyValueSpecification","valueRequired":true,"valueName":"search_term_string"}}],"inLanguage":"es"},{"@type":["Person","Organization"],"@id":"https:\/\/yudycid.com\/#\/schema\/person\/1210f2eb39b9de3fa825f216c31c54b3","name":"yudycid","image":{"@type":"ImageObject","inLanguage":"es","@id":"https:\/\/yudycid.com\/wp-content\/uploads\/2022\/08\/cropped-Sin-titulo-1-01.png","url":"https:\/\/yudycid.com\/wp-content\/uploads\/2022\/08\/cropped-Sin-titulo-1-01.png","contentUrl":"https:\/\/yudycid.com\/wp-content\/uploads\/2022\/08\/cropped-Sin-titulo-1-01.png","width":533,"height":437,"caption":"yudycid"},"logo":{"@id":"https:\/\/yudycid.com\/wp-content\/uploads\/2022\/08\/cropped-Sin-titulo-1-01.png"},"sameAs":["https:\/\/yudycid.com","https:\/\/www.facebook.com\/VidaenAlto\/","https:\/\/www.instagram.com\/yudycid\/","https:\/\/www.linkedin.com\/in\/yudy-cid-a0a7232b","https:\/\/www.youtube.com\/channel\/UCjKz4Onp9Oue_TBNQ7G2WoA"]}]}},"_links":{"self":[{"href":"https:\/\/yudycid.com\/es\/wp-json\/wp\/v2\/product\/1411","targetHints":{"allow":["GET"]}}],"collection":[{"href":"https:\/\/yudycid.com\/es\/wp-json\/wp\/v2\/product"}],"about":[{"href":"https:\/\/yudycid.com\/es\/wp-json\/wp\/v2\/types\/product"}],"replies":[{"embeddable":true,"href":"https:\/\/yudycid.com\/es\/wp-json\/wp\/v2\/comments?post=1411"}],"wp:featuredmedia":[{"embeddable":true,"href":"https:\/\/yudycid.com\/es\/wp-json\/wp\/v2\/media\/1015"}],"wp:attachment":[{"href":"https:\/\/yudycid.com\/es\/wp-json\/wp\/v2\/media?parent=1411"}],"wp:term":[{"taxonomy":"product_brand","embeddable":true,"href":"https:\/\/yudycid.com\/es\/wp-json\/wp\/v2\/product_brand?post=1411"},{"taxonomy":"product_cat","embeddable":true,"href":"https:\/\/yudycid.com\/es\/wp-json\/wp\/v2\/product_cat?post=1411"},{"taxonomy":"product_tag","embeddable":true,"href":"https:\/\/yudycid.com\/es\/wp-json\/wp\/v2\/product_tag?post=1411"}],"curies":[{"name":"wp","href":"https:\/\/api.w.org\/{rel}","templated":true}]}}