{"id":2628,"date":"2024-12-14T10:33:55","date_gmt":"2024-12-14T15:33:55","guid":{"rendered":"https:\/\/yudycid.com\/?post_type=product&#038;p=2628"},"modified":"2026-04-13T11:57:33","modified_gmt":"2026-04-13T15:57:33","slug":"agenda-tu-cita-inicial-para-tu-evaluacion-psicologica-by-yudy-cyd","status":"publish","type":"product","link":"https:\/\/yudycid.com\/es\/producto\/agenda-tu-cita-inicial-para-tu-evaluacion-psicologica-by-yudy-cyd\/","title":{"rendered":"Deposito evaluacion psicologica"},"content":{"rendered":"<p>Consulta inicial con nuestros profesionales. Explicaremos el proceso, conoceremos tu caso y te explicaremos el camino psicologico ideal para tu proceso migratorio o m\u00e9dico. El valor de esta consulta podr\u00e1 ser descontado de tu evaluaci\u00f3n psicol\u00f3gica.<\/p>","protected":false},"excerpt":{"rendered":"<p>Consulta inicial con nuestros profesionales. Explicaremos el proceso, conoceremos tu caso y te explicaremos el camino psicologico ideal para tu proceso migratorio o m\u00e9dico. El valor de esta consulta podr\u00e1 ser descontado de tu evaluaci\u00f3n psicol\u00f3gica.<\/p>","protected":false},"featured_media":3174,"comment_status":"open","ping_status":"closed","template":"","meta":[],"product_brand":[],"product_cat":[43],"product_tag":[],"class_list":{"0":"post-2628","1":"product","2":"type-product","3":"status-publish","4":"has-post-thumbnail","6":"product_cat-evaluaciones","8":"first","9":"instock","10":"sale","11":"virtual","12":"purchasable","13":"product-type-simple"},"yoast_head":"<!-- This site is optimized with the Yoast SEO Premium plugin v25.1 (Yoast SEO v27.4) - https:\/\/yoast.com\/product\/yoast-seo-premium-wordpress\/ -->\n<title>Deposito evaluacion psicologica - Yudy Cid<\/title>\n<meta name=\"robots\" content=\"index, follow, max-snippet:-1, max-image-preview:large, max-video-preview:-1\" \/>\n<link rel=\"canonical\" href=\"https:\/\/yudycid.com\/es\/producto\/agenda-tu-cita-inicial-para-tu-evaluacion-psicologica-by-yudy-cyd\/\" \/>\n<meta property=\"og:locale\" content=\"es_ES\" \/>\n<meta property=\"og:type\" content=\"article\" \/>\n<meta property=\"og:title\" content=\"Deposito evaluacion psicologica\" \/>\n<meta property=\"og:description\" content=\"Consulta inicial con nuestros profesionales. Explicaremos el proceso, conoceremos tu caso y te explicaremos el camino psicologico ideal para tu proceso migratorio o m\u00e9dico. El valor de esta consulta podr\u00e1 ser descontado de tu evaluaci\u00f3n psicol\u00f3gica.\" \/>\n<meta property=\"og:url\" content=\"https:\/\/yudycid.com\/es\/producto\/agenda-tu-cita-inicial-para-tu-evaluacion-psicologica-by-yudy-cyd\/\" \/>\n<meta property=\"og:site_name\" content=\"Yudy Cid\" \/>\n<meta property=\"article:publisher\" content=\"https:\/\/www.facebook.com\/VidaenAlto\/\" \/>\n<meta property=\"article:modified_time\" content=\"2026-04-13T15:57:33+00:00\" \/>\n<meta property=\"og:image\" content=\"https:\/\/yudycid.com\/wp-content\/uploads\/2025\/03\/cropped-logo-12.jpg\" \/>\n\t<meta property=\"og:image:width\" content=\"512\" \/>\n\t<meta property=\"og:image:height\" content=\"512\" \/>\n\t<meta property=\"og:image:type\" content=\"image\/jpeg\" \/>\n<meta name=\"twitter:card\" content=\"summary_large_image\" \/>\n<script type=\"application\/ld+json\" class=\"yoast-schema-graph\">{\"@context\":\"https:\\\/\\\/schema.org\",\"@graph\":[{\"@type\":\"WebPage\",\"@id\":\"https:\\\/\\\/yudycid.com\\\/producto\\\/agenda-tu-cita-inicial-para-tu-evaluacion-psicologica-by-yudy-cyd\\\/\",\"url\":\"https:\\\/\\\/yudycid.com\\\/producto\\\/agenda-tu-cita-inicial-para-tu-evaluacion-psicologica-by-yudy-cyd\\\/\",\"name\":\"Deposito evaluacion psicologica - Yudy Cid\",\"isPartOf\":{\"@id\":\"https:\\\/\\\/yudycid.com\\\/#website\"},\"primaryImageOfPage\":{\"@id\":\"https:\\\/\\\/yudycid.com\\\/producto\\\/agenda-tu-cita-inicial-para-tu-evaluacion-psicologica-by-yudy-cyd\\\/#primaryimage\"},\"image\":{\"@id\":\"https:\\\/\\\/yudycid.com\\\/producto\\\/agenda-tu-cita-inicial-para-tu-evaluacion-psicologica-by-yudy-cyd\\\/#primaryimage\"},\"thumbnailUrl\":\"https:\\\/\\\/yudycid.com\\\/wp-content\\\/uploads\\\/2025\\\/03\\\/cropped-logo-12.jpg\",\"datePublished\":\"2024-12-14T15:33:55+00:00\",\"dateModified\":\"2026-04-13T15:57:33+00:00\",\"breadcrumb\":{\"@id\":\"https:\\\/\\\/yudycid.com\\\/producto\\\/agenda-tu-cita-inicial-para-tu-evaluacion-psicologica-by-yudy-cyd\\\/#breadcrumb\"},\"inLanguage\":\"es\",\"potentialAction\":[{\"@type\":\"ReadAction\",\"target\":[\"https:\\\/\\\/yudycid.com\\\/producto\\\/agenda-tu-cita-inicial-para-tu-evaluacion-psicologica-by-yudy-cyd\\\/\"]}]},{\"@type\":\"ImageObject\",\"inLanguage\":\"es\",\"@id\":\"https:\\\/\\\/yudycid.com\\\/producto\\\/agenda-tu-cita-inicial-para-tu-evaluacion-psicologica-by-yudy-cyd\\\/#primaryimage\",\"url\":\"https:\\\/\\\/yudycid.com\\\/wp-content\\\/uploads\\\/2025\\\/03\\\/cropped-logo-12.jpg\",\"contentUrl\":\"https:\\\/\\\/yudycid.com\\\/wp-content\\\/uploads\\\/2025\\\/03\\\/cropped-logo-12.jpg\",\"width\":512,\"height\":512},{\"@type\":\"BreadcrumbList\",\"@id\":\"https:\\\/\\\/yudycid.com\\\/producto\\\/agenda-tu-cita-inicial-para-tu-evaluacion-psicologica-by-yudy-cyd\\\/#breadcrumb\",\"itemListElement\":[{\"@type\":\"ListItem\",\"position\":1,\"name\":\"Portada\",\"item\":\"https:\\\/\\\/yudycid.com\\\/\"},{\"@type\":\"ListItem\",\"position\":2,\"name\":\"Tienda\",\"item\":\"https:\\\/\\\/yudycid.com\\\/tienda\\\/\"},{\"@type\":\"ListItem\",\"position\":3,\"name\":\"Deposito evaluacion psicologica\"}]},{\"@type\":\"WebSite\",\"@id\":\"https:\\\/\\\/yudycid.com\\\/#website\",\"url\":\"https:\\\/\\\/yudycid.com\\\/\",\"name\":\"Yudy Cid\",\"description\":\"Psychological Evaluations for  Immigration\",\"publisher\":{\"@id\":\"https:\\\/\\\/yudycid.com\\\/#\\\/schema\\\/person\\\/1210f2eb39b9de3fa825f216c31c54b3\"},\"potentialAction\":[{\"@type\":\"SearchAction\",\"target\":{\"@type\":\"EntryPoint\",\"urlTemplate\":\"https:\\\/\\\/yudycid.com\\\/?s={search_term_string}\"},\"query-input\":{\"@type\":\"PropertyValueSpecification\",\"valueRequired\":true,\"valueName\":\"search_term_string\"}}],\"inLanguage\":\"es\"},{\"@type\":[\"Person\",\"Organization\"],\"@id\":\"https:\\\/\\\/yudycid.com\\\/#\\\/schema\\\/person\\\/1210f2eb39b9de3fa825f216c31c54b3\",\"name\":\"yudycid\",\"image\":{\"@type\":\"ImageObject\",\"inLanguage\":\"es\",\"@id\":\"https:\\\/\\\/yudycid.com\\\/wp-content\\\/uploads\\\/2022\\\/08\\\/cropped-Sin-titulo-1-01.png\",\"url\":\"https:\\\/\\\/yudycid.com\\\/wp-content\\\/uploads\\\/2022\\\/08\\\/cropped-Sin-titulo-1-01.png\",\"contentUrl\":\"https:\\\/\\\/yudycid.com\\\/wp-content\\\/uploads\\\/2022\\\/08\\\/cropped-Sin-titulo-1-01.png\",\"width\":533,\"height\":437,\"caption\":\"yudycid\"},\"logo\":{\"@id\":\"https:\\\/\\\/yudycid.com\\\/wp-content\\\/uploads\\\/2022\\\/08\\\/cropped-Sin-titulo-1-01.png\"},\"sameAs\":[\"https:\\\/\\\/yudycid.com\",\"https:\\\/\\\/www.facebook.com\\\/VidaenAlto\\\/\",\"https:\\\/\\\/www.instagram.com\\\/yudycid\\\/\",\"https:\\\/\\\/www.linkedin.com\\\/in\\\/yudy-cid-a0a7232b\",\"https:\\\/\\\/www.youtube.com\\\/channel\\\/UCjKz4Onp9Oue_TBNQ7G2WoA\"]}]}<\/script>\n<!-- \/ Yoast SEO Premium plugin. -->","yoast_head_json":{"title":"Deposito evaluacion psicologica - Yudy Cid","robots":{"index":"index","follow":"follow","max-snippet":"max-snippet:-1","max-image-preview":"max-image-preview:large","max-video-preview":"max-video-preview:-1"},"canonical":"https:\/\/yudycid.com\/es\/producto\/agenda-tu-cita-inicial-para-tu-evaluacion-psicologica-by-yudy-cyd\/","og_locale":"es_ES","og_type":"article","og_title":"Deposito evaluacion psicologica","og_description":"Consulta inicial con nuestros profesionales. Explicaremos el proceso, conoceremos tu caso y te explicaremos el camino psicologico ideal para tu proceso migratorio o m\u00e9dico. El valor de esta consulta podr\u00e1 ser descontado de tu evaluaci\u00f3n psicol\u00f3gica.","og_url":"https:\/\/yudycid.com\/es\/producto\/agenda-tu-cita-inicial-para-tu-evaluacion-psicologica-by-yudy-cyd\/","og_site_name":"Yudy Cid","article_publisher":"https:\/\/www.facebook.com\/VidaenAlto\/","article_modified_time":"2026-04-13T15:57:33+00:00","og_image":[{"width":512,"height":512,"url":"https:\/\/yudycid.com\/wp-content\/uploads\/2025\/03\/cropped-logo-12.jpg","type":"image\/jpeg"}],"twitter_card":"summary_large_image","schema":{"@context":"https:\/\/schema.org","@graph":[{"@type":"WebPage","@id":"https:\/\/yudycid.com\/producto\/agenda-tu-cita-inicial-para-tu-evaluacion-psicologica-by-yudy-cyd\/","url":"https:\/\/yudycid.com\/producto\/agenda-tu-cita-inicial-para-tu-evaluacion-psicologica-by-yudy-cyd\/","name":"Deposito evaluacion psicologica - Yudy Cid","isPartOf":{"@id":"https:\/\/yudycid.com\/#website"},"primaryImageOfPage":{"@id":"https:\/\/yudycid.com\/producto\/agenda-tu-cita-inicial-para-tu-evaluacion-psicologica-by-yudy-cyd\/#primaryimage"},"image":{"@id":"https:\/\/yudycid.com\/producto\/agenda-tu-cita-inicial-para-tu-evaluacion-psicologica-by-yudy-cyd\/#primaryimage"},"thumbnailUrl":"https:\/\/yudycid.com\/wp-content\/uploads\/2025\/03\/cropped-logo-12.jpg","datePublished":"2024-12-14T15:33:55+00:00","dateModified":"2026-04-13T15:57:33+00:00","breadcrumb":{"@id":"https:\/\/yudycid.com\/producto\/agenda-tu-cita-inicial-para-tu-evaluacion-psicologica-by-yudy-cyd\/#breadcrumb"},"inLanguage":"es","potentialAction":[{"@type":"ReadAction","target":["https:\/\/yudycid.com\/producto\/agenda-tu-cita-inicial-para-tu-evaluacion-psicologica-by-yudy-cyd\/"]}]},{"@type":"ImageObject","inLanguage":"es","@id":"https:\/\/yudycid.com\/producto\/agenda-tu-cita-inicial-para-tu-evaluacion-psicologica-by-yudy-cyd\/#primaryimage","url":"https:\/\/yudycid.com\/wp-content\/uploads\/2025\/03\/cropped-logo-12.jpg","contentUrl":"https:\/\/yudycid.com\/wp-content\/uploads\/2025\/03\/cropped-logo-12.jpg","width":512,"height":512},{"@type":"BreadcrumbList","@id":"https:\/\/yudycid.com\/producto\/agenda-tu-cita-inicial-para-tu-evaluacion-psicologica-by-yudy-cyd\/#breadcrumb","itemListElement":[{"@type":"ListItem","position":1,"name":"Portada","item":"https:\/\/yudycid.com\/"},{"@type":"ListItem","position":2,"name":"Tienda","item":"https:\/\/yudycid.com\/tienda\/"},{"@type":"ListItem","position":3,"name":"Deposito evaluacion psicologica"}]},{"@type":"WebSite","@id":"https:\/\/yudycid.com\/#website","url":"https:\/\/yudycid.com\/","name":"Yudy Cid","description":"Psychological Evaluations for  Immigration","publisher":{"@id":"https:\/\/yudycid.com\/#\/schema\/person\/1210f2eb39b9de3fa825f216c31c54b3"},"potentialAction":[{"@type":"SearchAction","target":{"@type":"EntryPoint","urlTemplate":"https:\/\/yudycid.com\/?s={search_term_string}"},"query-input":{"@type":"PropertyValueSpecification","valueRequired":true,"valueName":"search_term_string"}}],"inLanguage":"es"},{"@type":["Person","Organization"],"@id":"https:\/\/yudycid.com\/#\/schema\/person\/1210f2eb39b9de3fa825f216c31c54b3","name":"yudycid","image":{"@type":"ImageObject","inLanguage":"es","@id":"https:\/\/yudycid.com\/wp-content\/uploads\/2022\/08\/cropped-Sin-titulo-1-01.png","url":"https:\/\/yudycid.com\/wp-content\/uploads\/2022\/08\/cropped-Sin-titulo-1-01.png","contentUrl":"https:\/\/yudycid.com\/wp-content\/uploads\/2022\/08\/cropped-Sin-titulo-1-01.png","width":533,"height":437,"caption":"yudycid"},"logo":{"@id":"https:\/\/yudycid.com\/wp-content\/uploads\/2022\/08\/cropped-Sin-titulo-1-01.png"},"sameAs":["https:\/\/yudycid.com","https:\/\/www.facebook.com\/VidaenAlto\/","https:\/\/www.instagram.com\/yudycid\/","https:\/\/www.linkedin.com\/in\/yudy-cid-a0a7232b","https:\/\/www.youtube.com\/channel\/UCjKz4Onp9Oue_TBNQ7G2WoA"]}]}},"_links":{"self":[{"href":"https:\/\/yudycid.com\/es\/wp-json\/wp\/v2\/product\/2628","targetHints":{"allow":["GET"]}}],"collection":[{"href":"https:\/\/yudycid.com\/es\/wp-json\/wp\/v2\/product"}],"about":[{"href":"https:\/\/yudycid.com\/es\/wp-json\/wp\/v2\/types\/product"}],"replies":[{"embeddable":true,"href":"https:\/\/yudycid.com\/es\/wp-json\/wp\/v2\/comments?post=2628"}],"wp:featuredmedia":[{"embeddable":true,"href":"https:\/\/yudycid.com\/es\/wp-json\/wp\/v2\/media\/3174"}],"wp:attachment":[{"href":"https:\/\/yudycid.com\/es\/wp-json\/wp\/v2\/media?parent=2628"}],"wp:term":[{"taxonomy":"product_brand","embeddable":true,"href":"https:\/\/yudycid.com\/es\/wp-json\/wp\/v2\/product_brand?post=2628"},{"taxonomy":"product_cat","embeddable":true,"href":"https:\/\/yudycid.com\/es\/wp-json\/wp\/v2\/product_cat?post=2628"},{"taxonomy":"product_tag","embeddable":true,"href":"https:\/\/yudycid.com\/es\/wp-json\/wp\/v2\/product_tag?post=2628"}],"curies":[{"name":"wp","href":"https:\/\/api.w.org\/{rel}","templated":true}]}}